{"id":16053,"date":"2024-07-27T13:20:29","date_gmt":"2024-07-27T11:20:29","guid":{"rendered":"https:\/\/scalio.pl\/investment-valuation\/"},"modified":"2024-10-16T16:06:57","modified_gmt":"2024-10-16T14:06:57","slug":"investment-valuation","status":"publish","type":"page","link":"https:\/\/scalio.pl\/en\/investment-valuation\/","title":{"rendered":"Investment Valuation"},"content":{"rendered":"\t\t<div data-elementor-type=\"wp-page\" data-elementor-id=\"16053\" class=\"elementor elementor-16053 elementor-14152\" data-elementor-post-type=\"page\">\n\t\t\t\t<div class=\"elementor-element elementor-element-f755e51 e-flex e-con-boxed e-con e-parent\" data-id=\"f755e51\" data-element_type=\"container\">\n\t\t\t\t\t<div class=\"e-con-inner\">\n\t\t<div class=\"elementor-element elementor-element-8a7da50 e-con-full e-flex e-con e-child\" data-id=\"8a7da50\" data-element_type=\"container\">\n\t\t\t\t<div class=\"elementor-element elementor-element-62085bc elementor-widget elementor-widget-heading\" data-id=\"62085bc\" data-element_type=\"widget\" data-widget_type=\"heading.default\">\n\t\t\t\t<div class=\"elementor-widget-container\">\n\t\t\t\t\t<h1 class=\"elementor-heading-title elementor-size-default\">INVESTMENT VALUATION<\/h1>\t\t\t\t<\/div>\n\t\t\t\t<\/div>\n\t\t\t\t<div class=\"elementor-element elementor-element-0014f5d elementor-widget__width-initial elementor-widget elementor-widget-spacer\" data-id=\"0014f5d\" data-element_type=\"widget\" data-widget_type=\"spacer.default\">\n\t\t\t\t<div class=\"elementor-widget-container\">\n\t\t\t\t\t\t\t<div class=\"elementor-spacer\">\n\t\t\t<div class=\"elementor-spacer-inner\"><\/div>\n\t\t<\/div>\n\t\t\t\t\t\t<\/div>\n\t\t\t\t<\/div>\n\t\t\t\t<\/div>\n\t\t\t\t<div class=\"elementor-element elementor-element-3020924 elementor-widget__width-initial elementor-widget elementor-widget-heading\" data-id=\"3020924\" data-element_type=\"widget\" data-widget_type=\"heading.default\">\n\t\t\t\t<div class=\"elementor-widget-container\">\n\t\t\t\t\t<p class=\"elementor-heading-title elementor-size-default\">We carry out investments throughout the country. <\/p>\t\t\t\t<\/div>\n\t\t\t\t<\/div>\n\t\t\t\t<div class=\"elementor-element elementor-element-23116c9 elementor-widget elementor-widget-shortcode\" data-id=\"23116c9\" data-element_type=\"widget\" data-widget_type=\"shortcode.default\">\n\t\t\t\t<div class=\"elementor-widget-container\">\n\t\t\t\t\t\t\t<div class=\"elementor-shortcode\">\n<div class=\"wpcf7 no-js\" id=\"wpcf7-f16055-o1\" lang=\"en-US\" dir=\"ltr\" data-wpcf7-id=\"16055\">\n<div class=\"screen-reader-response\"><p role=\"status\" aria-live=\"polite\" aria-atomic=\"true\"><\/p> <ul><\/ul><\/div>\n<form action=\"\/en\/wp-json\/wp\/v2\/pages\/16053#wpcf7-f16055-o1\" method=\"post\" class=\"wpcf7-form init\" aria-label=\"Contact form\" enctype=\"multipart\/form-data\" novalidate=\"novalidate\" data-status=\"init\">\n<fieldset class=\"hidden-fields-container\"><input type=\"hidden\" name=\"_wpcf7\" value=\"16055\" \/><input type=\"hidden\" name=\"_wpcf7_version\" value=\"6.1.1\" \/><input type=\"hidden\" name=\"_wpcf7_locale\" value=\"en_US\" \/><input type=\"hidden\" name=\"_wpcf7_unit_tag\" value=\"wpcf7-f16055-o1\" \/><input type=\"hidden\" name=\"_wpcf7_container_post\" value=\"0\" \/><input type=\"hidden\" name=\"_wpcf7_posted_data_hash\" value=\"\" \/><input type=\"hidden\" name=\"_wpcf7_recaptcha_response\" value=\"\" \/>\n<\/fieldset>\n<div class=\"contact-form-content\">\n\n    <div class=\"contact-form-section-content\">\n        <div class=\"contact-form-control contact-form-control-6\">\n            <label>Company name*<\/label>\n            <span class=\"wpcf7-form-control-wrap\" data-name=\"company_name\"><input size=\"40\" maxlength=\"400\" class=\"wpcf7-form-control wpcf7-text wpcf7-validates-as-required\" aria-required=\"true\" aria-invalid=\"false\" value=\"\" type=\"text\" name=\"company_name\" \/><\/span>\n        <\/div>\n\n        <div class=\"contact-form-control contact-form-control-2\">\n            <label>Name and surname*<\/label>\n            <span class=\"wpcf7-form-control-wrap\" data-name=\"full_name\"><input size=\"40\" maxlength=\"400\" class=\"wpcf7-form-control wpcf7-text wpcf7-validates-as-required\" aria-required=\"true\" aria-invalid=\"false\" value=\"\" type=\"text\" name=\"full_name\" \/><\/span>\n        <\/div>\n\n        <div class=\"contact-form-control contact-form-control-2\">\n            <label>Mobile phone*<\/label>\n            <span class=\"wpcf7-form-control-wrap\" data-name=\"phone\"><input size=\"40\" maxlength=\"400\" class=\"wpcf7-form-control wpcf7-tel wpcf7-validates-as-required wpcf7-text wpcf7-validates-as-tel\" aria-required=\"true\" aria-invalid=\"false\" value=\"\" type=\"tel\" name=\"phone\" \/><\/span>\n        <\/div>\n\n        <div class=\"contact-form-control contact-form-control-2\">\n            <label>Email*<\/label>\n            <span class=\"wpcf7-form-control-wrap\" data-name=\"email\"><input size=\"40\" maxlength=\"400\" class=\"wpcf7-form-control wpcf7-email wpcf7-validates-as-required wpcf7-text wpcf7-validates-as-email\" aria-required=\"true\" aria-invalid=\"false\" value=\"\" type=\"email\" name=\"email\" \/><\/span>\n        <\/div>\n\n        <div class=\"contact-form-control contact-form-control-2\">\n            <label>Construction location<\/label>\n            <span class=\"wpcf7-form-control-wrap\" data-name=\"location\"><input size=\"40\" maxlength=\"400\" class=\"wpcf7-form-control wpcf7-text\" aria-invalid=\"false\" value=\"\" type=\"text\" name=\"location\" \/><\/span>\n        <\/div>\n\n        <div class=\"contact-form-control contact-form-control-2\">\n            <label>Purpose of the hall<\/label>\n            <span class=\"wpcf7-form-control-wrap\" data-name=\"purpose\"><input size=\"40\" maxlength=\"400\" class=\"wpcf7-form-control wpcf7-text\" aria-invalid=\"false\" value=\"\" type=\"text\" name=\"purpose\" \/><\/span>\n        <\/div>\n\n        <div class=\"contact-form-control contact-form-control-2\">\n            <label>Building area<\/label>\n            <div class=\"input-group\">\n                <span class=\"wpcf7-form-control-wrap\" data-name=\"area\"><input size=\"40\" maxlength=\"400\" class=\"wpcf7-form-control wpcf7-text\" aria-invalid=\"false\" value=\"\" type=\"text\" name=\"area\" \/><\/span>\n                <div class=\"suffix\">\n m2\n                <\/div>\n            <\/div>\n        <\/div>\n\n        <div class=\"contact-form-control contact-form-control-4\">\n            <label>Additional information<\/label>\n            <span class=\"wpcf7-form-control-wrap\" data-name=\"additional_information\"><textarea cols=\"40\" rows=\"2\" maxlength=\"2000\" class=\"wpcf7-form-control wpcf7-textarea\" aria-invalid=\"false\" name=\"additional_information\"><\/textarea><\/span>\n        <\/div>\n\n        <div class=\"contact-form-control contact-form-control-2\">\n            <label>Attachments<\/label>\n            <span class=\"wpcf7-form-control-wrap\" data-name=\"attachment_files\"><input size=\"40\" class=\"wpcf7-form-control wpcf7-file\" accept=\"audio\/*,video\/*,image\/*\" aria-invalid=\"false\" type=\"file\" name=\"attachment_files\" \/><\/span>\n        <\/div>\n    <\/div>\n\n    <div class=\"contact-form-section-content\">\n        <div class=\"contact-form-control\">\n            <label><span class=\"wpcf7-form-control-wrap\" data-name=\"rodo-acceptance\"><span class=\"wpcf7-form-control wpcf7-acceptance\"><span class=\"wpcf7-list-item\"><input type=\"checkbox\" name=\"rodo-acceptance\" value=\"1\" aria-invalid=\"false\" \/><\/span><\/span><\/span> I agree to the processing of my personal data provided in the form by the administrator of personal data Scalio sp. z o.o. with its registered office in Orzeszkowo. I provide personal data voluntarily and declare that they are truthful. Information on the grounds and principles regarding the processing of your personal data can be found in the Privacy Policy in the GDPR tab.<\/label>\n        <\/div>\n\n        <div class=\"contact-form-control\">\n            <label><span class=\"wpcf7-form-control-wrap\" data-name=\"marketing-consent\"><span class=\"wpcf7-form-control wpcf7-acceptance optional\"><span class=\"wpcf7-list-item\"><input type=\"checkbox\" name=\"marketing-consent\" value=\"1\" aria-invalid=\"false\" \/><\/span><\/span><\/span> I agree to the processing of my personal data contained in the form for marketing purposes, including sending commercial information electronically.<\/label>\n        <\/div>\n    <\/div>\n\n    <div class=\"contact-form-submit\">\n        <input class=\"wpcf7-form-control wpcf7-submit has-spinner\" type=\"submit\" value=\"Send\" \/>\n    <\/div>\n<\/div><p style=\"display: none !important;\" class=\"akismet-fields-container\" data-prefix=\"_wpcf7_ak_\"><label>&#916;<textarea name=\"_wpcf7_ak_hp_textarea\" cols=\"45\" rows=\"8\" maxlength=\"100\"><\/textarea><\/label><input type=\"hidden\" id=\"ak_js_1\" name=\"_wpcf7_ak_js\" value=\"94\"\/><script>document.getElementById( \"ak_js_1\" ).setAttribute( \"value\", ( new Date() ).getTime() );<\/script><\/p><div class=\"wpcf7-response-output\" aria-hidden=\"true\"><\/div>\n<\/form>\n<\/div>\n<\/div>\n\t\t\t\t\t\t<\/div>\n\t\t\t\t<\/div>\n\t\t\t\t\t<\/div>\n\t\t\t\t<\/div>\n\t\t\t\t<\/div>\n\t\t","protected":false},"excerpt":{"rendered":"<p>INVESTMENT VALUATION We carry out investments throughout the country.<\/p>\n","protected":false},"author":4,"featured_media":18558,"parent":0,"menu_order":0,"comment_status":"closed","ping_status":"closed","template":"","meta":{"_acf_changed":false,"footnotes":""},"class_list":["post-16053","page","type-page","status-publish","has-post-thumbnail","hentry"],"acf":[],"yoast_head":"<!-- This site is optimized with the Yoast SEO plugin v25.2 - https:\/\/yoast.com\/wordpress\/plugins\/seo\/ -->\n<title>Investment Valuation - SCALIO sp. z o.o.<\/title>\n<meta name=\"description\" content=\"Investment Valuation - SCALIO sp. z o.o. \u27a4 najwy\u017csza jako\u015b\u0107 \u015bwiadczonych us\u0142ug \u2b50 indywidualne podej\u015bcie do ka\u017cdego klienta \u2b50 Sprawd\u017a sam! \u2714\" \/>\n<meta name=\"robots\" content=\"index, follow, max-snippet:-1, max-image-preview:large, max-video-preview:-1\" \/>\n<link rel=\"canonical\" href=\"https:\/\/scalio.pl\/en\/investment-valuation\/\" \/>\n<meta property=\"og:locale\" content=\"en_US\" \/>\n<meta property=\"og:type\" content=\"article\" \/>\n<meta property=\"og:title\" content=\"Investment Valuation - SCALIO sp. z o.o.\" \/>\n<meta property=\"og:description\" content=\"Investment Valuation - SCALIO sp. z o.o. \u27a4 najwy\u017csza jako\u015b\u0107 \u015bwiadczonych us\u0142ug \u2b50 indywidualne podej\u015bcie do ka\u017cdego klienta \u2b50 Sprawd\u017a sam! \u2714\" \/>\n<meta property=\"og:url\" content=\"https:\/\/scalio.pl\/en\/investment-valuation\/\" \/>\n<meta property=\"og:site_name\" content=\"SCALIO sp. z o.o.\" \/>\n<meta property=\"article:modified_time\" content=\"2024-10-16T14:06:57+00:00\" \/>\n<meta property=\"og:image\" content=\"https:\/\/scalio.pl\/wp-content\/uploads\/2026\/01\/bg-wycena.jpg\" \/>\n\t<meta property=\"og:image:width\" content=\"1024\" \/>\n\t<meta property=\"og:image:height\" content=\"682\" \/>\n\t<meta property=\"og:image:type\" content=\"image\/jpeg\" \/>\n<meta name=\"twitter:card\" content=\"summary_large_image\" \/>\n<script type=\"application\/ld+json\" class=\"yoast-schema-graph\">{\"@context\":\"https:\/\/schema.org\",\"@graph\":[{\"@type\":\"WebPage\",\"@id\":\"https:\/\/scalio.pl\/en\/investment-valuation\/\",\"url\":\"https:\/\/scalio.pl\/en\/investment-valuation\/\",\"name\":\"Investment Valuation - SCALIO sp. z o.o.\",\"isPartOf\":{\"@id\":\"https:\/\/scalio.pl\/#website\"},\"primaryImageOfPage\":{\"@id\":\"https:\/\/scalio.pl\/en\/investment-valuation\/#primaryimage\"},\"image\":{\"@id\":\"https:\/\/scalio.pl\/en\/investment-valuation\/#primaryimage\"},\"thumbnailUrl\":\"https:\/\/scalio.pl\/wp-content\/uploads\/2026\/01\/bg-wycena.jpg\",\"datePublished\":\"2024-07-27T11:20:29+00:00\",\"dateModified\":\"2024-10-16T14:06:57+00:00\",\"description\":\"Investment Valuation - SCALIO sp. z o.o. \u27a4 najwy\u017csza jako\u015b\u0107 \u015bwiadczonych us\u0142ug \u2b50 indywidualne podej\u015bcie do ka\u017cdego klienta \u2b50 Sprawd\u017a sam! \u2714\",\"breadcrumb\":{\"@id\":\"https:\/\/scalio.pl\/en\/investment-valuation\/#breadcrumb\"},\"inLanguage\":\"en-US\",\"potentialAction\":[{\"@type\":\"ReadAction\",\"target\":[\"https:\/\/scalio.pl\/en\/investment-valuation\/\"]}]},{\"@type\":\"ImageObject\",\"inLanguage\":\"en-US\",\"@id\":\"https:\/\/scalio.pl\/en\/investment-valuation\/#primaryimage\",\"url\":\"https:\/\/scalio.pl\/wp-content\/uploads\/2026\/01\/bg-wycena.jpg\",\"contentUrl\":\"https:\/\/scalio.pl\/wp-content\/uploads\/2026\/01\/bg-wycena.jpg\",\"width\":1024,\"height\":682,\"caption\":\"obiekt przemys\u0142owy\"},{\"@type\":\"BreadcrumbList\",\"@id\":\"https:\/\/scalio.pl\/en\/investment-valuation\/#breadcrumb\",\"itemListElement\":[{\"@type\":\"ListItem\",\"position\":1,\"name\":\"Scalio\",\"item\":\"https:\/\/scalio.pl\/en\/\"},{\"@type\":\"ListItem\",\"position\":2,\"name\":\"Investment Valuation\"}]},{\"@type\":\"WebSite\",\"@id\":\"https:\/\/scalio.pl\/#website\",\"url\":\"https:\/\/scalio.pl\/\",\"name\":\"SCALIO sp. z o.o.\",\"description\":\"\",\"publisher\":{\"@id\":\"https:\/\/scalio.pl\/#organization\"},\"potentialAction\":[{\"@type\":\"SearchAction\",\"target\":{\"@type\":\"EntryPoint\",\"urlTemplate\":\"https:\/\/scalio.pl\/?s={search_term_string}\"},\"query-input\":{\"@type\":\"PropertyValueSpecification\",\"valueRequired\":true,\"valueName\":\"search_term_string\"}}],\"inLanguage\":\"en-US\"},{\"@type\":\"Organization\",\"@id\":\"https:\/\/scalio.pl\/#organization\",\"name\":\"SCALIO sp. z o.o.\",\"url\":\"https:\/\/scalio.pl\/\",\"logo\":{\"@type\":\"ImageObject\",\"inLanguage\":\"en-US\",\"@id\":\"https:\/\/scalio.pl\/#\/schema\/logo\/image\/\",\"url\":\"https:\/\/scalio.pl\/wp-content\/uploads\/2024\/07\/site_logo.svg\",\"contentUrl\":\"https:\/\/scalio.pl\/wp-content\/uploads\/2024\/07\/site_logo.svg\",\"width\":360,\"height\":65,\"caption\":\"SCALIO sp. z o.o.\"},\"image\":{\"@id\":\"https:\/\/scalio.pl\/#\/schema\/logo\/image\/\"}}]}<\/script>\n<!-- \/ Yoast SEO plugin. -->","yoast_head_json":{"title":"Investment Valuation - SCALIO sp. z o.o.","description":"Investment Valuation - SCALIO sp. z o.o. \u27a4 najwy\u017csza jako\u015b\u0107 \u015bwiadczonych us\u0142ug \u2b50 indywidualne podej\u015bcie do ka\u017cdego klienta \u2b50 Sprawd\u017a sam! \u2714","robots":{"index":"index","follow":"follow","max-snippet":"max-snippet:-1","max-image-preview":"max-image-preview:large","max-video-preview":"max-video-preview:-1"},"canonical":"https:\/\/scalio.pl\/en\/investment-valuation\/","og_locale":"en_US","og_type":"article","og_title":"Investment Valuation - SCALIO sp. z o.o.","og_description":"Investment Valuation - SCALIO sp. z o.o. \u27a4 najwy\u017csza jako\u015b\u0107 \u015bwiadczonych us\u0142ug \u2b50 indywidualne podej\u015bcie do ka\u017cdego klienta \u2b50 Sprawd\u017a sam! \u2714","og_url":"https:\/\/scalio.pl\/en\/investment-valuation\/","og_site_name":"SCALIO sp. z o.o.","article_modified_time":"2024-10-16T14:06:57+00:00","og_image":[{"width":1024,"height":682,"url":"https:\/\/scalio.pl\/wp-content\/uploads\/2026\/01\/bg-wycena.jpg","type":"image\/jpeg"}],"twitter_card":"summary_large_image","schema":{"@context":"https:\/\/schema.org","@graph":[{"@type":"WebPage","@id":"https:\/\/scalio.pl\/en\/investment-valuation\/","url":"https:\/\/scalio.pl\/en\/investment-valuation\/","name":"Investment Valuation - SCALIO sp. z o.o.","isPartOf":{"@id":"https:\/\/scalio.pl\/#website"},"primaryImageOfPage":{"@id":"https:\/\/scalio.pl\/en\/investment-valuation\/#primaryimage"},"image":{"@id":"https:\/\/scalio.pl\/en\/investment-valuation\/#primaryimage"},"thumbnailUrl":"https:\/\/scalio.pl\/wp-content\/uploads\/2026\/01\/bg-wycena.jpg","datePublished":"2024-07-27T11:20:29+00:00","dateModified":"2024-10-16T14:06:57+00:00","description":"Investment Valuation - SCALIO sp. z o.o. \u27a4 najwy\u017csza jako\u015b\u0107 \u015bwiadczonych us\u0142ug \u2b50 indywidualne podej\u015bcie do ka\u017cdego klienta \u2b50 Sprawd\u017a sam! \u2714","breadcrumb":{"@id":"https:\/\/scalio.pl\/en\/investment-valuation\/#breadcrumb"},"inLanguage":"en-US","potentialAction":[{"@type":"ReadAction","target":["https:\/\/scalio.pl\/en\/investment-valuation\/"]}]},{"@type":"ImageObject","inLanguage":"en-US","@id":"https:\/\/scalio.pl\/en\/investment-valuation\/#primaryimage","url":"https:\/\/scalio.pl\/wp-content\/uploads\/2026\/01\/bg-wycena.jpg","contentUrl":"https:\/\/scalio.pl\/wp-content\/uploads\/2026\/01\/bg-wycena.jpg","width":1024,"height":682,"caption":"obiekt przemys\u0142owy"},{"@type":"BreadcrumbList","@id":"https:\/\/scalio.pl\/en\/investment-valuation\/#breadcrumb","itemListElement":[{"@type":"ListItem","position":1,"name":"Scalio","item":"https:\/\/scalio.pl\/en\/"},{"@type":"ListItem","position":2,"name":"Investment Valuation"}]},{"@type":"WebSite","@id":"https:\/\/scalio.pl\/#website","url":"https:\/\/scalio.pl\/","name":"SCALIO sp. z o.o.","description":"","publisher":{"@id":"https:\/\/scalio.pl\/#organization"},"potentialAction":[{"@type":"SearchAction","target":{"@type":"EntryPoint","urlTemplate":"https:\/\/scalio.pl\/?s={search_term_string}"},"query-input":{"@type":"PropertyValueSpecification","valueRequired":true,"valueName":"search_term_string"}}],"inLanguage":"en-US"},{"@type":"Organization","@id":"https:\/\/scalio.pl\/#organization","name":"SCALIO sp. z o.o.","url":"https:\/\/scalio.pl\/","logo":{"@type":"ImageObject","inLanguage":"en-US","@id":"https:\/\/scalio.pl\/#\/schema\/logo\/image\/","url":"https:\/\/scalio.pl\/wp-content\/uploads\/2024\/07\/site_logo.svg","contentUrl":"https:\/\/scalio.pl\/wp-content\/uploads\/2024\/07\/site_logo.svg","width":360,"height":65,"caption":"SCALIO sp. z o.o."},"image":{"@id":"https:\/\/scalio.pl\/#\/schema\/logo\/image\/"}}]}},"_links":{"self":[{"href":"https:\/\/scalio.pl\/en\/wp-json\/wp\/v2\/pages\/16053","targetHints":{"allow":["GET"]}}],"collection":[{"href":"https:\/\/scalio.pl\/en\/wp-json\/wp\/v2\/pages"}],"about":[{"href":"https:\/\/scalio.pl\/en\/wp-json\/wp\/v2\/types\/page"}],"author":[{"embeddable":true,"href":"https:\/\/scalio.pl\/en\/wp-json\/wp\/v2\/users\/4"}],"replies":[{"embeddable":true,"href":"https:\/\/scalio.pl\/en\/wp-json\/wp\/v2\/comments?post=16053"}],"version-history":[{"count":2,"href":"https:\/\/scalio.pl\/en\/wp-json\/wp\/v2\/pages\/16053\/revisions"}],"predecessor-version":[{"id":16400,"href":"https:\/\/scalio.pl\/en\/wp-json\/wp\/v2\/pages\/16053\/revisions\/16400"}],"wp:featuredmedia":[{"embeddable":true,"href":"https:\/\/scalio.pl\/en\/wp-json\/wp\/v2\/media\/18558"}],"wp:attachment":[{"href":"https:\/\/scalio.pl\/en\/wp-json\/wp\/v2\/media?parent=16053"}],"curies":[{"name":"wp","href":"https:\/\/api.w.org\/{rel}","templated":true}]}}