{"id":15717,"date":"2024-08-26T13:12:53","date_gmt":"2024-08-26T11:12:53","guid":{"rendered":"https:\/\/dev.scalio.sevencomp-s1.usermd.net\/cookie-policy\/"},"modified":"2024-12-27T11:56:36","modified_gmt":"2024-12-27T10:56:36","slug":"cookie-policy","status":"publish","type":"page","link":"https:\/\/scalio.pl\/en\/cookie-policy\/","title":{"rendered":"Cookie policy"},"content":{"rendered":"\t\t<div data-elementor-type=\"wp-page\" data-elementor-id=\"15717\" class=\"elementor elementor-15717 elementor-15688\" data-elementor-post-type=\"page\">\n\t\t\t\t<div class=\"elementor-element elementor-element-2c3aa414 e-flex e-con-boxed e-con e-parent\" data-id=\"2c3aa414\" data-element_type=\"container\">\n\t\t\t\t\t<div class=\"e-con-inner\">\n\t\t<div class=\"elementor-element elementor-element-116a466 e-con-full e-flex e-con e-child\" data-id=\"116a466\" data-element_type=\"container\">\n\t\t\t\t<div class=\"elementor-element elementor-element-455dfd7 elementor-widget__width-initial elementor-widget elementor-widget-spacer\" data-id=\"455dfd7\" data-element_type=\"widget\" data-widget_type=\"spacer.default\">\n\t\t\t\t<div class=\"elementor-widget-container\">\n\t\t\t\t\t\t\t<div class=\"elementor-spacer\">\n\t\t\t<div class=\"elementor-spacer-inner\"><\/div>\n\t\t<\/div>\n\t\t\t\t\t\t<\/div>\n\t\t\t\t<\/div>\n\t\t\t\t<\/div>\n\t\t\t\t<div class=\"elementor-element elementor-element-8ae002d elementor-widget elementor-widget-text-editor\" data-id=\"8ae002d\" data-element_type=\"widget\" data-widget_type=\"text-editor.default\">\n\t\t\t\t<div class=\"elementor-widget-container\">\n\t\t\t\t\t\t\t\t\t<p class=\"bodytext\"><strong>This website uses cookies.<\/strong><\/p>\n<p class=\"bodytext\">You have the possibility to change the cookie settings in your browser. If you do not agree, please change the settings in your browser or leave the website. <\/p>\n<p class=\"bodytext\">Continued use of the website without changing the cookie settings in your browser means that you accept cookies, which will result in our website storing them on your devices.<\/p>\n<p class=\"bodytext\">We use the information read out by cookies and similar technologies for advertising and statistical purposes and to tailor the website to individual users\u2019 needs, including profiling. Their use allows us to provide you with maximum convenience in using our services by remembering your preferences and settings on our sites. You can find more information about our data processing policy in our privacy policy.  <\/p>\n<p class=\"bodytext\">By accepting your browser settings, you consent to the creation of a User profile based on information concerning the services provided, interest in the offer or information contained in cookies. You have the right to withdraw your consent at any time. The withdrawal of consent does not affect the lawfulness of the processing of your data based on consent before its withdrawal.  <\/p>\n\t\t\t\t\t\t\t\t<\/div>\n\t\t\t\t<\/div>\n\t\t\t\t\t<\/div>\n\t\t\t\t<\/div>\n\t\t\t\t<\/div>\n\t\t","protected":false},"excerpt":{"rendered":"<p>This website uses cookies. You have the possibility to change the cookie settings in your browser. If you do not agree, please change the settings in your browser or leave the website. Continued use of the website without changing the cookie settings in your browser means that you accept cookies, which will result in our [&hellip;]<\/p>\n","protected":false},"author":4,"featured_media":0,"parent":0,"menu_order":0,"comment_status":"closed","ping_status":"open","template":"","meta":{"_acf_changed":false,"footnotes":""},"class_list":["post-15717","page","type-page","status-publish","hentry"],"acf":[],"yoast_head":"<!-- This site is optimized with the Yoast SEO plugin v25.2 - https:\/\/yoast.com\/wordpress\/plugins\/seo\/ -->\n<title>Cookie policy - SCALIO sp. z o.o.<\/title>\n<meta name=\"description\" content=\"Cookie policy - SCALIO sp. z o.o. \u27a4 najwy\u017csza jako\u015b\u0107 \u015bwiadczonych us\u0142ug \u2b50 indywidualne podej\u015bcie do ka\u017cdego klienta \u2b50 Sprawd\u017a sam! \u2714\" \/>\n<meta name=\"robots\" content=\"index, follow, max-snippet:-1, max-image-preview:large, max-video-preview:-1\" \/>\n<link rel=\"canonical\" href=\"http:\/\/scalio.pl\/en\/cookie-policy\/\" \/>\n<meta property=\"og:locale\" content=\"en_US\" \/>\n<meta property=\"og:type\" content=\"article\" \/>\n<meta property=\"og:title\" content=\"Cookie policy - SCALIO sp. z o.o.\" \/>\n<meta property=\"og:description\" content=\"Cookie policy - SCALIO sp. z o.o. \u27a4 najwy\u017csza jako\u015b\u0107 \u015bwiadczonych us\u0142ug \u2b50 indywidualne podej\u015bcie do ka\u017cdego klienta \u2b50 Sprawd\u017a sam! \u2714\" \/>\n<meta property=\"og:url\" content=\"http:\/\/scalio.pl\/en\/cookie-policy\/\" \/>\n<meta property=\"og:site_name\" content=\"SCALIO sp. z o.o.\" \/>\n<meta property=\"article:modified_time\" content=\"2024-12-27T10:56:36+00:00\" \/>\n<meta name=\"twitter:card\" content=\"summary_large_image\" \/>\n<meta name=\"twitter:label1\" content=\"Est. reading time\" \/>\n\t<meta name=\"twitter:data1\" content=\"1 minute\" \/>\n<script type=\"application\/ld+json\" class=\"yoast-schema-graph\">{\"@context\":\"https:\/\/schema.org\",\"@graph\":[{\"@type\":\"WebPage\",\"@id\":\"http:\/\/scalio.pl\/en\/cookie-policy\/\",\"url\":\"http:\/\/scalio.pl\/en\/cookie-policy\/\",\"name\":\"Cookie policy - SCALIO sp. z o.o.\",\"isPartOf\":{\"@id\":\"https:\/\/scalio.pl\/#website\"},\"datePublished\":\"2024-08-26T11:12:53+00:00\",\"dateModified\":\"2024-12-27T10:56:36+00:00\",\"description\":\"Cookie policy - SCALIO sp. z o.o. \u27a4 najwy\u017csza jako\u015b\u0107 \u015bwiadczonych us\u0142ug \u2b50 indywidualne podej\u015bcie do ka\u017cdego klienta \u2b50 Sprawd\u017a sam! \u2714\",\"breadcrumb\":{\"@id\":\"http:\/\/scalio.pl\/en\/cookie-policy\/#breadcrumb\"},\"inLanguage\":\"en-US\",\"potentialAction\":[{\"@type\":\"ReadAction\",\"target\":[\"http:\/\/scalio.pl\/en\/cookie-policy\/\"]}]},{\"@type\":\"BreadcrumbList\",\"@id\":\"http:\/\/scalio.pl\/en\/cookie-policy\/#breadcrumb\",\"itemListElement\":[{\"@type\":\"ListItem\",\"position\":1,\"name\":\"Scalio\",\"item\":\"https:\/\/scalio.pl\/en\/\"},{\"@type\":\"ListItem\",\"position\":2,\"name\":\"Cookie policy\"}]},{\"@type\":\"WebSite\",\"@id\":\"https:\/\/scalio.pl\/#website\",\"url\":\"https:\/\/scalio.pl\/\",\"name\":\"SCALIO sp. z o.o.\",\"description\":\"\",\"publisher\":{\"@id\":\"https:\/\/scalio.pl\/#organization\"},\"potentialAction\":[{\"@type\":\"SearchAction\",\"target\":{\"@type\":\"EntryPoint\",\"urlTemplate\":\"https:\/\/scalio.pl\/?s={search_term_string}\"},\"query-input\":{\"@type\":\"PropertyValueSpecification\",\"valueRequired\":true,\"valueName\":\"search_term_string\"}}],\"inLanguage\":\"en-US\"},{\"@type\":\"Organization\",\"@id\":\"https:\/\/scalio.pl\/#organization\",\"name\":\"SCALIO sp. z o.o.\",\"url\":\"https:\/\/scalio.pl\/\",\"logo\":{\"@type\":\"ImageObject\",\"inLanguage\":\"en-US\",\"@id\":\"https:\/\/scalio.pl\/#\/schema\/logo\/image\/\",\"url\":\"https:\/\/scalio.pl\/wp-content\/uploads\/2024\/07\/site_logo.svg\",\"contentUrl\":\"https:\/\/scalio.pl\/wp-content\/uploads\/2024\/07\/site_logo.svg\",\"width\":360,\"height\":65,\"caption\":\"SCALIO sp. z o.o.\"},\"image\":{\"@id\":\"https:\/\/scalio.pl\/#\/schema\/logo\/image\/\"}}]}<\/script>\n<!-- \/ Yoast SEO plugin. -->","yoast_head_json":{"title":"Cookie policy - SCALIO sp. z o.o.","description":"Cookie policy - SCALIO sp. z o.o. \u27a4 najwy\u017csza jako\u015b\u0107 \u015bwiadczonych us\u0142ug \u2b50 indywidualne podej\u015bcie do ka\u017cdego klienta \u2b50 Sprawd\u017a sam! \u2714","robots":{"index":"index","follow":"follow","max-snippet":"max-snippet:-1","max-image-preview":"max-image-preview:large","max-video-preview":"max-video-preview:-1"},"canonical":"http:\/\/scalio.pl\/en\/cookie-policy\/","og_locale":"en_US","og_type":"article","og_title":"Cookie policy - SCALIO sp. z o.o.","og_description":"Cookie policy - SCALIO sp. z o.o. \u27a4 najwy\u017csza jako\u015b\u0107 \u015bwiadczonych us\u0142ug \u2b50 indywidualne podej\u015bcie do ka\u017cdego klienta \u2b50 Sprawd\u017a sam! \u2714","og_url":"http:\/\/scalio.pl\/en\/cookie-policy\/","og_site_name":"SCALIO sp. z o.o.","article_modified_time":"2024-12-27T10:56:36+00:00","twitter_card":"summary_large_image","twitter_misc":{"Est. reading time":"1 minute"},"schema":{"@context":"https:\/\/schema.org","@graph":[{"@type":"WebPage","@id":"http:\/\/scalio.pl\/en\/cookie-policy\/","url":"http:\/\/scalio.pl\/en\/cookie-policy\/","name":"Cookie policy - SCALIO sp. z o.o.","isPartOf":{"@id":"https:\/\/scalio.pl\/#website"},"datePublished":"2024-08-26T11:12:53+00:00","dateModified":"2024-12-27T10:56:36+00:00","description":"Cookie policy - SCALIO sp. z o.o. \u27a4 najwy\u017csza jako\u015b\u0107 \u015bwiadczonych us\u0142ug \u2b50 indywidualne podej\u015bcie do ka\u017cdego klienta \u2b50 Sprawd\u017a sam! \u2714","breadcrumb":{"@id":"http:\/\/scalio.pl\/en\/cookie-policy\/#breadcrumb"},"inLanguage":"en-US","potentialAction":[{"@type":"ReadAction","target":["http:\/\/scalio.pl\/en\/cookie-policy\/"]}]},{"@type":"BreadcrumbList","@id":"http:\/\/scalio.pl\/en\/cookie-policy\/#breadcrumb","itemListElement":[{"@type":"ListItem","position":1,"name":"Scalio","item":"https:\/\/scalio.pl\/en\/"},{"@type":"ListItem","position":2,"name":"Cookie policy"}]},{"@type":"WebSite","@id":"https:\/\/scalio.pl\/#website","url":"https:\/\/scalio.pl\/","name":"SCALIO sp. z o.o.","description":"","publisher":{"@id":"https:\/\/scalio.pl\/#organization"},"potentialAction":[{"@type":"SearchAction","target":{"@type":"EntryPoint","urlTemplate":"https:\/\/scalio.pl\/?s={search_term_string}"},"query-input":{"@type":"PropertyValueSpecification","valueRequired":true,"valueName":"search_term_string"}}],"inLanguage":"en-US"},{"@type":"Organization","@id":"https:\/\/scalio.pl\/#organization","name":"SCALIO sp. z o.o.","url":"https:\/\/scalio.pl\/","logo":{"@type":"ImageObject","inLanguage":"en-US","@id":"https:\/\/scalio.pl\/#\/schema\/logo\/image\/","url":"https:\/\/scalio.pl\/wp-content\/uploads\/2024\/07\/site_logo.svg","contentUrl":"https:\/\/scalio.pl\/wp-content\/uploads\/2024\/07\/site_logo.svg","width":360,"height":65,"caption":"SCALIO sp. z o.o."},"image":{"@id":"https:\/\/scalio.pl\/#\/schema\/logo\/image\/"}}]}},"_links":{"self":[{"href":"https:\/\/scalio.pl\/en\/wp-json\/wp\/v2\/pages\/15717","targetHints":{"allow":["GET"]}}],"collection":[{"href":"https:\/\/scalio.pl\/en\/wp-json\/wp\/v2\/pages"}],"about":[{"href":"https:\/\/scalio.pl\/en\/wp-json\/wp\/v2\/types\/page"}],"author":[{"embeddable":true,"href":"https:\/\/scalio.pl\/en\/wp-json\/wp\/v2\/users\/4"}],"replies":[{"embeddable":true,"href":"https:\/\/scalio.pl\/en\/wp-json\/wp\/v2\/comments?post=15717"}],"version-history":[{"count":4,"href":"https:\/\/scalio.pl\/en\/wp-json\/wp\/v2\/pages\/15717\/revisions"}],"predecessor-version":[{"id":17054,"href":"https:\/\/scalio.pl\/en\/wp-json\/wp\/v2\/pages\/15717\/revisions\/17054"}],"wp:attachment":[{"href":"https:\/\/scalio.pl\/en\/wp-json\/wp\/v2\/media?parent=15717"}],"curies":[{"name":"wp","href":"https:\/\/api.w.org\/{rel}","templated":true}]}}