{"id":15705,"date":"2024-08-18T12:33:32","date_gmt":"2024-08-18T10:33:32","guid":{"rendered":"https:\/\/dev.scalio.sevencomp-s1.usermd.net\/they-trusted-us\/"},"modified":"2024-12-27T11:58:55","modified_gmt":"2024-12-27T10:58:55","slug":"they-trusted-us","status":"publish","type":"page","link":"https:\/\/scalio.pl\/en\/they-trusted-us\/","title":{"rendered":"They trusted us"},"content":{"rendered":"\t\t<div data-elementor-type=\"wp-page\" data-elementor-id=\"15705\" class=\"elementor elementor-15705 elementor-14496\" data-elementor-post-type=\"page\">\n\t\t\t\t<div class=\"elementor-element elementor-element-9e0fecb e-flex e-con-boxed e-con e-parent\" data-id=\"9e0fecb\" data-element_type=\"container\">\n\t\t\t\t\t<div class=\"e-con-inner\">\n\t\t<div class=\"elementor-element elementor-element-227f5d6 e-con-full e-flex e-con e-child\" data-id=\"227f5d6\" data-element_type=\"container\">\n\t\t\t\t<div class=\"elementor-element elementor-element-a38d227 elementor-widget elementor-widget-heading\" data-id=\"a38d227\" data-element_type=\"widget\" data-widget_type=\"heading.default\">\n\t\t\t\t<div class=\"elementor-widget-container\">\n\t\t\t\t\t<h1 class=\"elementor-heading-title elementor-size-default\">They trusted us<\/h1>\t\t\t\t<\/div>\n\t\t\t\t<\/div>\n\t\t\t\t<div class=\"elementor-element elementor-element-cee2589 elementor-widget__width-initial elementor-widget elementor-widget-spacer\" data-id=\"cee2589\" data-element_type=\"widget\" data-widget_type=\"spacer.default\">\n\t\t\t\t<div class=\"elementor-widget-container\">\n\t\t\t\t\t\t\t<div class=\"elementor-spacer\">\n\t\t\t<div class=\"elementor-spacer-inner\"><\/div>\n\t\t<\/div>\n\t\t\t\t\t\t<\/div>\n\t\t\t\t<\/div>\n\t\t\t\t<\/div>\n\t\t\t\t<div class=\"elementor-element elementor-element-7774eca elementor-grid-1 elementor-widget__width-inherit elementor-grid-tablet-1 elementor-grid-mobile-1 elementor-widget elementor-widget-loop-grid\" data-id=\"7774eca\" data-element_type=\"widget\" data-settings=\"{&quot;template_id&quot;:15781,&quot;columns&quot;:1,&quot;pagination_type&quot;:&quot;load_more_infinite_scroll&quot;,&quot;row_gap&quot;:{&quot;unit&quot;:&quot;px&quot;,&quot;size&quot;:0,&quot;sizes&quot;:[]},&quot;columns_tablet&quot;:1,&quot;_skin&quot;:&quot;post&quot;,&quot;columns_mobile&quot;:&quot;1&quot;,&quot;edit_handle_selector&quot;:&quot;[data-elementor-type=\\&quot;loop-item\\&quot;]&quot;,&quot;load_more_spinner&quot;:{&quot;value&quot;:&quot;fas fa-spinner&quot;,&quot;library&quot;:&quot;fa-solid&quot;},&quot;row_gap_tablet&quot;:{&quot;unit&quot;:&quot;px&quot;,&quot;size&quot;:&quot;&quot;,&quot;sizes&quot;:[]},&quot;row_gap_mobile&quot;:{&quot;unit&quot;:&quot;px&quot;,&quot;size&quot;:&quot;&quot;,&quot;sizes&quot;:[]}}\" data-widget_type=\"loop-grid.post\">\n\t\t\t\t<div class=\"elementor-widget-container\">\n\t\t\t\t\t\t\t<div class=\"elementor-loop-container elementor-grid\">\n\t\t<style id=\"loop-15781\">.elementor-15781 .elementor-element.elementor-element-30b359e{--display:grid;--e-con-grid-template-columns:repeat(2, 1fr);--e-con-grid-template-rows:repeat(1, 1fr);--gap:0px 0px;--row-gap:0px;--column-gap:0px;--grid-auto-flow:row;--align-items:center;border-style:solid;--border-style:solid;border-width:1px 0px 0px 0px;--border-top-width:1px;--border-right-width:0px;--border-bottom-width:0px;--border-left-width:0px;border-color:#E0E0E0;--border-color:#E0E0E0;--border-radius:0px 0px 0px 0px;--padding-top:24px;--padding-bottom:24px;--padding-left:0px;--padding-right:0px;}.elementor-widget-theme-post-featured-image .widget-image-caption{color:var( --e-global-color-text );font-family:var( --e-global-typography-text-font-family ), Sans-serif;font-weight:var( --e-global-typography-text-font-weight );}.elementor-15781 .elementor-element.elementor-element-b5cb38b > .elementor-widget-container{padding:0px 0px 0px 0px;}.elementor-15781 .elementor-element.elementor-element-b5cb38b{text-align:left;}.elementor-15781 .elementor-element.elementor-element-b5cb38b img{width:225px;}.elementor-15781 .elementor-element.elementor-element-570b0ce .gallery-item{height:160px;}.elementor-15781 .elementor-element.elementor-element-570b0ce .auto-width-gallery-container{row-gap:24px;column-gap:24px;flex-direction:row;align-items:center;justify-content:start;}@media(max-width:1024px){.elementor-15781 .elementor-element.elementor-element-30b359e{--e-con-grid-template-columns:repeat(1, 1fr);--gap:48px 48px;--row-gap:48px;--column-gap:48px;--grid-auto-flow:row;--justify-items:center;}.elementor-15781 .elementor-element.elementor-element-570b0ce .auto-width-gallery-container{flex-direction:row;align-items:center;justify-content:center;}}@media(max-width:767px){.elementor-15781 .elementor-element.elementor-element-30b359e{--e-con-grid-template-columns:repeat(1, 1fr);--grid-auto-flow:row;}}\/* Start custom CSS for theme-post-featured-image, class: .elementor-element-b5cb38b *\/.elementor-15781 .elementor-element.elementor-element-b5cb38b img {\n    max-height: 160px;\n    object-fit: contain;\n    object-position: left;\n}\n\n@media only screen and (max-width: 767px) {\n    .elementor-15781 .elementor-element.elementor-element-b5cb38b img {\n        object-position: center;\n}\n}\/* End custom CSS *\/<\/style>\t\t<div data-elementor-type=\"loop-item\" data-elementor-id=\"15781\" class=\"elementor elementor-15781 elementor-14485 e-loop-item e-loop-item-14484 post-14484 referencja type-referencja status-publish has-post-thumbnail hentry\" data-elementor-post-type=\"elementor_library\" data-custom-edit-handle=\"1\">\n\t\t\t<div class=\"elementor-element elementor-element-30b359e e-grid e-con-boxed e-con e-parent\" data-id=\"30b359e\" data-element_type=\"container\">\n\t\t\t\t\t<div class=\"e-con-inner\">\n\t\t\t\t<div class=\"elementor-element elementor-element-b5cb38b elementor-widget elementor-widget-theme-post-featured-image elementor-widget-image\" data-id=\"b5cb38b\" data-element_type=\"widget\" data-widget_type=\"theme-post-featured-image.default\">\n\t\t\t\t<div class=\"elementor-widget-container\">\n\t\t\t\t\t\t\t\t\t\t\t\t\t\t\t<img decoding=\"async\" width=\"200\" height=\"200\" src=\"https:\/\/scalio.pl\/wp-content\/uploads\/2024\/08\/3.webp\" class=\"attachment-full size-full wp-image-14413\" alt=\"3\" srcset=\"https:\/\/scalio.pl\/wp-content\/uploads\/2024\/08\/3.webp 200w, https:\/\/scalio.pl\/wp-content\/uploads\/2024\/08\/3-150x150.webp 150w\" sizes=\"(max-width: 200px) 100vw, 200px\" \/>\t\t\t\t\t\t\t\t\t\t\t\t\t\t\t<\/div>\n\t\t\t\t<\/div>\n\t\t\t\t<div class=\"elementor-element elementor-element-570b0ce elementor-widget elementor-widget-auto-width-gallery\" data-id=\"570b0ce\" data-element_type=\"widget\" data-widget_type=\"auto-width-gallery.default\">\n\t\t\t\t<div class=\"elementor-widget-container\">\n\t\t\t\t\t        <div class=\"auto-width-gallery-container\">\n            <img decoding=\"async\" class=\"gallery-item\" src=\"https:\/\/scalio.pl\/wp-content\/uploads\/2024\/08\/SKMBT_C22021071612550-1.jpg\">        <\/div>\n        \t\t\t\t<\/div>\n\t\t\t\t<\/div>\n\t\t\t\t\t<\/div>\n\t\t\t\t<\/div>\n\t\t\t\t<\/div>\n\t\t\t\t<div data-elementor-type=\"loop-item\" data-elementor-id=\"15781\" class=\"elementor elementor-15781 elementor-14485 e-loop-item e-loop-item-14482 post-14482 referencja type-referencja status-publish has-post-thumbnail hentry\" data-elementor-post-type=\"elementor_library\" data-custom-edit-handle=\"1\">\n\t\t\t<div class=\"elementor-element elementor-element-30b359e e-grid e-con-boxed e-con e-parent\" data-id=\"30b359e\" data-element_type=\"container\">\n\t\t\t\t\t<div class=\"e-con-inner\">\n\t\t\t\t<div class=\"elementor-element elementor-element-b5cb38b elementor-widget elementor-widget-theme-post-featured-image elementor-widget-image\" data-id=\"b5cb38b\" data-element_type=\"widget\" data-widget_type=\"theme-post-featured-image.default\">\n\t\t\t\t<div class=\"elementor-widget-container\">\n\t\t\t\t\t\t\t\t\t\t\t\t\t\t\t<img fetchpriority=\"high\" decoding=\"async\" width=\"1336\" height=\"360\" src=\"https:\/\/scalio.pl\/wp-content\/uploads\/2024\/08\/4.webp\" class=\"attachment-full size-full wp-image-14411\" alt=\"4\" srcset=\"https:\/\/scalio.pl\/wp-content\/uploads\/2024\/08\/4.webp 1336w, https:\/\/scalio.pl\/wp-content\/uploads\/2024\/08\/4-300x81.webp 300w, https:\/\/scalio.pl\/wp-content\/uploads\/2024\/08\/4-768x207.webp 768w, https:\/\/scalio.pl\/wp-content\/uploads\/2024\/08\/4-1024x276.webp 1024w\" sizes=\"(max-width: 1336px) 100vw, 1336px\" \/>\t\t\t\t\t\t\t\t\t\t\t\t\t\t\t<\/div>\n\t\t\t\t<\/div>\n\t\t\t\t<div class=\"elementor-element elementor-element-570b0ce elementor-widget elementor-widget-auto-width-gallery\" data-id=\"570b0ce\" data-element_type=\"widget\" data-widget_type=\"auto-width-gallery.default\">\n\t\t\t\t<div class=\"elementor-widget-container\">\n\t\t\t\t\t        <div class=\"auto-width-gallery-container\">\n            <img decoding=\"async\" class=\"gallery-item\" src=\"https:\/\/scalio.pl\/wp-content\/uploads\/2024\/08\/BLUM6referencje-1-1.jpg\"><img decoding=\"async\" class=\"gallery-item\" src=\"https:\/\/scalio.pl\/wp-content\/uploads\/2024\/08\/BLUMROZBUDOWA-15.06.2015-1-1.jpg\"><img decoding=\"async\" class=\"gallery-item\" src=\"https:\/\/scalio.pl\/wp-content\/uploads\/2024\/08\/BLUMBE5-01.02.2018-1-1-q9x898u1hjj8nzwaluxz729icgpulx3ui535tdtid0.jpg\">        <\/div>\n        \t\t\t\t<\/div>\n\t\t\t\t<\/div>\n\t\t\t\t\t<\/div>\n\t\t\t\t<\/div>\n\t\t\t\t<\/div>\n\t\t\t\t<div data-elementor-type=\"loop-item\" data-elementor-id=\"15781\" class=\"elementor elementor-15781 elementor-14485 e-loop-item e-loop-item-14481 post-14481 referencja type-referencja status-publish has-post-thumbnail hentry\" data-elementor-post-type=\"elementor_library\" data-custom-edit-handle=\"1\">\n\t\t\t<div class=\"elementor-element elementor-element-30b359e e-grid e-con-boxed e-con e-parent\" data-id=\"30b359e\" data-element_type=\"container\">\n\t\t\t\t\t<div class=\"e-con-inner\">\n\t\t\t\t<div class=\"elementor-element elementor-element-b5cb38b elementor-widget elementor-widget-theme-post-featured-image elementor-widget-image\" data-id=\"b5cb38b\" data-element_type=\"widget\" data-widget_type=\"theme-post-featured-image.default\">\n\t\t\t\t<div class=\"elementor-widget-container\">\n\t\t\t\t\t\t\t\t\t\t\t\t\t\t\t<img decoding=\"async\" width=\"245\" height=\"191\" src=\"https:\/\/scalio.pl\/wp-content\/uploads\/2024\/08\/6.webp\" class=\"attachment-full size-full wp-image-14419\" alt=\"6\" \/>\t\t\t\t\t\t\t\t\t\t\t\t\t\t\t<\/div>\n\t\t\t\t<\/div>\n\t\t\t\t<div class=\"elementor-element elementor-element-570b0ce elementor-widget elementor-widget-auto-width-gallery\" data-id=\"570b0ce\" data-element_type=\"widget\" data-widget_type=\"auto-width-gallery.default\">\n\t\t\t\t<div class=\"elementor-widget-container\">\n\t\t\t\t\t        <div class=\"auto-width-gallery-container\">\n            <img decoding=\"async\" class=\"gallery-item\" src=\"https:\/\/scalio.pl\/wp-content\/uploads\/2024\/08\/4EXPO-01.09.2017-1-1.jpg\">        <\/div>\n        \t\t\t\t<\/div>\n\t\t\t\t<\/div>\n\t\t\t\t\t<\/div>\n\t\t\t\t<\/div>\n\t\t\t\t<\/div>\n\t\t\t\t<\/div>\n\t\t\t\t\t<span class=\"e-load-more-spinner\">\n\t\t\t\t<svg aria-hidden=\"true\" class=\"e-font-icon-svg e-fas-spinner\" viewBox=\"0 0 512 512\" xmlns=\"http:\/\/www.w3.org\/2000\/svg\"><path d=\"M304 48c0 26.51-21.49 48-48 48s-48-21.49-48-48 21.49-48 48-48 48 21.49 48 48zm-48 368c-26.51 0-48 21.49-48 48s21.49 48 48 48 48-21.49 48-48-21.49-48-48-48zm208-208c-26.51 0-48 21.49-48 48s21.49 48 48 48 48-21.49 48-48-21.49-48-48-48zM96 256c0-26.51-21.49-48-48-48S0 229.49 0 256s21.49 48 48 48 48-21.49 48-48zm12.922 99.078c-26.51 0-48 21.49-48 48s21.49 48 48 48 48-21.49 48-48c0-26.509-21.491-48-48-48zm294.156 0c-26.51 0-48 21.49-48 48s21.49 48 48 48 48-21.49 48-48c0-26.509-21.49-48-48-48zM108.922 60.922c-26.51 0-48 21.49-48 48s21.49 48 48 48 48-21.49 48-48-21.491-48-48-48z\"><\/path><\/svg>\t\t\t<\/span>\n\t\t\n\t\t\t\t\t\t<\/div>\n\t\t\t\t<\/div>\n\t\t\t\t\t<\/div>\n\t\t\t\t<\/div>\n\t\t\t\t<\/div>\n\t\t","protected":false},"excerpt":{"rendered":"<p>They trusted us<\/p>\n","protected":false},"author":4,"featured_media":0,"parent":0,"menu_order":0,"comment_status":"closed","ping_status":"closed","template":"","meta":{"_acf_changed":false,"footnotes":""},"class_list":["post-15705","page","type-page","status-publish","hentry"],"acf":[],"yoast_head":"<!-- This site is optimized with the Yoast SEO plugin v25.2 - https:\/\/yoast.com\/wordpress\/plugins\/seo\/ -->\n<title>They trusted us - SCALIO sp. z o.o.<\/title>\n<meta name=\"description\" content=\"They trusted us - SCALIO sp. z o.o. \u27a4 najwy\u017csza jako\u015b\u0107 \u015bwiadczonych us\u0142ug \u2b50 indywidualne podej\u015bcie do ka\u017cdego klienta \u2b50 Sprawd\u017a sam! \u2714\" \/>\n<meta name=\"robots\" content=\"index, follow, max-snippet:-1, max-image-preview:large, max-video-preview:-1\" \/>\n<link rel=\"canonical\" href=\"https:\/\/scalio.pl\/en\/they-trusted-us\/\" \/>\n<meta property=\"og:locale\" content=\"en_US\" \/>\n<meta property=\"og:type\" content=\"article\" \/>\n<meta property=\"og:title\" content=\"They trusted us - SCALIO sp. z o.o.\" \/>\n<meta property=\"og:description\" content=\"They trusted us - SCALIO sp. z o.o. \u27a4 najwy\u017csza jako\u015b\u0107 \u015bwiadczonych us\u0142ug \u2b50 indywidualne podej\u015bcie do ka\u017cdego klienta \u2b50 Sprawd\u017a sam! \u2714\" \/>\n<meta property=\"og:url\" content=\"https:\/\/scalio.pl\/en\/they-trusted-us\/\" \/>\n<meta property=\"og:site_name\" content=\"SCALIO sp. z o.o.\" \/>\n<meta property=\"article:modified_time\" content=\"2024-12-27T10:58:55+00:00\" \/>\n<meta name=\"twitter:card\" content=\"summary_large_image\" \/>\n<meta name=\"twitter:label1\" content=\"Est. reading time\" \/>\n\t<meta name=\"twitter:data1\" content=\"4 minutes\" \/>\n<script type=\"application\/ld+json\" class=\"yoast-schema-graph\">{\"@context\":\"https:\/\/schema.org\",\"@graph\":[{\"@type\":\"WebPage\",\"@id\":\"https:\/\/scalio.pl\/en\/they-trusted-us\/\",\"url\":\"https:\/\/scalio.pl\/en\/they-trusted-us\/\",\"name\":\"They trusted us - SCALIO sp. z o.o.\",\"isPartOf\":{\"@id\":\"https:\/\/scalio.pl\/#website\"},\"datePublished\":\"2024-08-18T10:33:32+00:00\",\"dateModified\":\"2024-12-27T10:58:55+00:00\",\"description\":\"They trusted us - SCALIO sp. z o.o. \u27a4 najwy\u017csza jako\u015b\u0107 \u015bwiadczonych us\u0142ug \u2b50 indywidualne podej\u015bcie do ka\u017cdego klienta \u2b50 Sprawd\u017a sam! \u2714\",\"breadcrumb\":{\"@id\":\"https:\/\/scalio.pl\/en\/they-trusted-us\/#breadcrumb\"},\"inLanguage\":\"en-US\",\"potentialAction\":[{\"@type\":\"ReadAction\",\"target\":[\"https:\/\/scalio.pl\/en\/they-trusted-us\/\"]}]},{\"@type\":\"BreadcrumbList\",\"@id\":\"https:\/\/scalio.pl\/en\/they-trusted-us\/#breadcrumb\",\"itemListElement\":[{\"@type\":\"ListItem\",\"position\":1,\"name\":\"Scalio\",\"item\":\"https:\/\/scalio.pl\/en\/\"},{\"@type\":\"ListItem\",\"position\":2,\"name\":\"They trusted us\"}]},{\"@type\":\"WebSite\",\"@id\":\"https:\/\/scalio.pl\/#website\",\"url\":\"https:\/\/scalio.pl\/\",\"name\":\"SCALIO sp. z o.o.\",\"description\":\"\",\"publisher\":{\"@id\":\"https:\/\/scalio.pl\/#organization\"},\"potentialAction\":[{\"@type\":\"SearchAction\",\"target\":{\"@type\":\"EntryPoint\",\"urlTemplate\":\"https:\/\/scalio.pl\/?s={search_term_string}\"},\"query-input\":{\"@type\":\"PropertyValueSpecification\",\"valueRequired\":true,\"valueName\":\"search_term_string\"}}],\"inLanguage\":\"en-US\"},{\"@type\":\"Organization\",\"@id\":\"https:\/\/scalio.pl\/#organization\",\"name\":\"SCALIO sp. z o.o.\",\"url\":\"https:\/\/scalio.pl\/\",\"logo\":{\"@type\":\"ImageObject\",\"inLanguage\":\"en-US\",\"@id\":\"https:\/\/scalio.pl\/#\/schema\/logo\/image\/\",\"url\":\"https:\/\/scalio.pl\/wp-content\/uploads\/2024\/07\/site_logo.svg\",\"contentUrl\":\"https:\/\/scalio.pl\/wp-content\/uploads\/2024\/07\/site_logo.svg\",\"width\":360,\"height\":65,\"caption\":\"SCALIO sp. z o.o.\"},\"image\":{\"@id\":\"https:\/\/scalio.pl\/#\/schema\/logo\/image\/\"}}]}<\/script>\n<!-- \/ Yoast SEO plugin. -->","yoast_head_json":{"title":"They trusted us - SCALIO sp. z o.o.","description":"They trusted us - SCALIO sp. z o.o. \u27a4 najwy\u017csza jako\u015b\u0107 \u015bwiadczonych us\u0142ug \u2b50 indywidualne podej\u015bcie do ka\u017cdego klienta \u2b50 Sprawd\u017a sam! \u2714","robots":{"index":"index","follow":"follow","max-snippet":"max-snippet:-1","max-image-preview":"max-image-preview:large","max-video-preview":"max-video-preview:-1"},"canonical":"https:\/\/scalio.pl\/en\/they-trusted-us\/","og_locale":"en_US","og_type":"article","og_title":"They trusted us - SCALIO sp. z o.o.","og_description":"They trusted us - SCALIO sp. z o.o. \u27a4 najwy\u017csza jako\u015b\u0107 \u015bwiadczonych us\u0142ug \u2b50 indywidualne podej\u015bcie do ka\u017cdego klienta \u2b50 Sprawd\u017a sam! \u2714","og_url":"https:\/\/scalio.pl\/en\/they-trusted-us\/","og_site_name":"SCALIO sp. z o.o.","article_modified_time":"2024-12-27T10:58:55+00:00","twitter_card":"summary_large_image","twitter_misc":{"Est. reading time":"4 minutes"},"schema":{"@context":"https:\/\/schema.org","@graph":[{"@type":"WebPage","@id":"https:\/\/scalio.pl\/en\/they-trusted-us\/","url":"https:\/\/scalio.pl\/en\/they-trusted-us\/","name":"They trusted us - SCALIO sp. z o.o.","isPartOf":{"@id":"https:\/\/scalio.pl\/#website"},"datePublished":"2024-08-18T10:33:32+00:00","dateModified":"2024-12-27T10:58:55+00:00","description":"They trusted us - SCALIO sp. z o.o. \u27a4 najwy\u017csza jako\u015b\u0107 \u015bwiadczonych us\u0142ug \u2b50 indywidualne podej\u015bcie do ka\u017cdego klienta \u2b50 Sprawd\u017a sam! \u2714","breadcrumb":{"@id":"https:\/\/scalio.pl\/en\/they-trusted-us\/#breadcrumb"},"inLanguage":"en-US","potentialAction":[{"@type":"ReadAction","target":["https:\/\/scalio.pl\/en\/they-trusted-us\/"]}]},{"@type":"BreadcrumbList","@id":"https:\/\/scalio.pl\/en\/they-trusted-us\/#breadcrumb","itemListElement":[{"@type":"ListItem","position":1,"name":"Scalio","item":"https:\/\/scalio.pl\/en\/"},{"@type":"ListItem","position":2,"name":"They trusted us"}]},{"@type":"WebSite","@id":"https:\/\/scalio.pl\/#website","url":"https:\/\/scalio.pl\/","name":"SCALIO sp. z o.o.","description":"","publisher":{"@id":"https:\/\/scalio.pl\/#organization"},"potentialAction":[{"@type":"SearchAction","target":{"@type":"EntryPoint","urlTemplate":"https:\/\/scalio.pl\/?s={search_term_string}"},"query-input":{"@type":"PropertyValueSpecification","valueRequired":true,"valueName":"search_term_string"}}],"inLanguage":"en-US"},{"@type":"Organization","@id":"https:\/\/scalio.pl\/#organization","name":"SCALIO sp. z o.o.","url":"https:\/\/scalio.pl\/","logo":{"@type":"ImageObject","inLanguage":"en-US","@id":"https:\/\/scalio.pl\/#\/schema\/logo\/image\/","url":"https:\/\/scalio.pl\/wp-content\/uploads\/2024\/07\/site_logo.svg","contentUrl":"https:\/\/scalio.pl\/wp-content\/uploads\/2024\/07\/site_logo.svg","width":360,"height":65,"caption":"SCALIO sp. z o.o."},"image":{"@id":"https:\/\/scalio.pl\/#\/schema\/logo\/image\/"}}]}},"_links":{"self":[{"href":"https:\/\/scalio.pl\/en\/wp-json\/wp\/v2\/pages\/15705","targetHints":{"allow":["GET"]}}],"collection":[{"href":"https:\/\/scalio.pl\/en\/wp-json\/wp\/v2\/pages"}],"about":[{"href":"https:\/\/scalio.pl\/en\/wp-json\/wp\/v2\/types\/page"}],"author":[{"embeddable":true,"href":"https:\/\/scalio.pl\/en\/wp-json\/wp\/v2\/users\/4"}],"replies":[{"embeddable":true,"href":"https:\/\/scalio.pl\/en\/wp-json\/wp\/v2\/comments?post=15705"}],"version-history":[{"count":4,"href":"https:\/\/scalio.pl\/en\/wp-json\/wp\/v2\/pages\/15705\/revisions"}],"predecessor-version":[{"id":17066,"href":"https:\/\/scalio.pl\/en\/wp-json\/wp\/v2\/pages\/15705\/revisions\/17066"}],"wp:attachment":[{"href":"https:\/\/scalio.pl\/en\/wp-json\/wp\/v2\/media?parent=15705"}],"curies":[{"name":"wp","href":"https:\/\/api.w.org\/{rel}","templated":true}]}}